{"id":7625,"date":"2025-09-23T18:29:20","date_gmt":"2025-09-23T22:29:20","guid":{"rendered":"https:\/\/restaurantgiaba.com\/landing\/"},"modified":"2025-10-28T09:32:40","modified_gmt":"2025-10-28T13:32:40","slug":"landing","status":"publish","type":"page","link":"https:\/\/restaurantgiaba.com\/fr\/","title":{"rendered":"Accueil"},"content":{"rendered":"<p>[et_pb_section fb_built=\u00a0\u00bb1&Prime; _builder_version=\u00a0\u00bb4.27.4&Prime; _module_preset=\u00a0\u00bbdefault\u00a0\u00bb background_image=\u00a0\u00bbhttps:\/\/restaurantgiaba.com\/wp-content\/uploads\/2025\/09\/table-sm.jpg\u00a0\u00bb width=\u00a0\u00bb100vw\u00a0\u00bb min_height=\u00a0\u00bb100vh\u00a0\u00bb global_colors_info=\u00a0\u00bb{}\u00a0\u00bb][et_pb_row _builder_version=\u00a0\u00bb4.27.4&Prime; _module_preset=\u00a0\u00bbdefault\u00a0\u00bb max_width=\u00a0\u00bb700px\u00a0\u00bb custom_margin=\u00a0\u00bb0px||||false|false\u00a0\u00bb custom_padding=\u00a0\u00bb0px||||false|false\u00a0\u00bb global_colors_info=\u00a0\u00bb{}\u00a0\u00bb][et_pb_column type=\u00a0\u00bb4_4&Prime; _builder_version=\u00a0\u00bb4.27.4&Prime; _module_preset=\u00a0\u00bbdefault\u00a0\u00bb global_colors_info=\u00a0\u00bb{}\u00a0\u00bb][et_pb_code module_id=\u00a0\u00bblangBtn\u00a0\u00bb _builder_version=\u00a0\u00bb4.27.4&Prime; _module_preset=\u00a0\u00bbdefault\u00a0\u00bb background_enable_color=\u00a0\u00bboff\u00a0\u00bb text_orientation=\u00a0\u00bbright\u00a0\u00bb locked=\u00a0\u00bboff\u00a0\u00bb global_colors_info=\u00a0\u00bb{}\u00a0\u00bb]<a href=\"\/\">EN<\/a>[\/et_pb_code][et_pb_image src=\u00a0\u00bbhttps:\/\/restaurantgiaba.com\/wp-content\/uploads\/2025\/09\/giaba-logo-trans-150&#215;150.png\u00a0\u00bb alt=\u00a0\u00bbRestaurant chinois Sichuanais et Ta\u00efwanais \u00e0 emporter \u00e0 Montr\u00e9al\u00a0\u00bb title_text=\u00a0\u00bbRestaurant chinois Sichuanais et Ta\u00efwanais \u00e0 emporter \u00e0 Montr\u00e9al\u00a0\u00bb align=\u00a0\u00bbcenter\u00a0\u00bb _builder_version=\u00a0\u00bb4.27.4&Prime; _module_preset=\u00a0\u00bbdefault\u00a0\u00bb global_colors_info=\u00a0\u00bb{}\u00a0\u00bb][\/et_pb_image][et_pb_heading title=\u00a0\u00bbRestaurant Gia Ba.\u00a0\u00bb _builder_version=\u00a0\u00bb4.27.4&Prime; _module_preset=\u00a0\u00bbdefault\u00a0\u00bb title_font=\u00a0\u00bbKarla|600|||||||\u00a0\u00bb title_text_align=\u00a0\u00bbcenter\u00a0\u00bb title_text_color=\u00a0\u00bb#FFFFFF\u00a0\u00bb title_font_size=\u00a0\u00bb70px\u00a0\u00bb title_line_height=\u00a0\u00bb1.2em\u00a0\u00bb background_enable_image=\u00a0\u00bboff\u00a0\u00bb parallax=\u00a0\u00bbon\u00a0\u00bb custom_margin=\u00a0\u00bb||0px||false|false\u00a0\u00bb custom_padding=\u00a0\u00bb||0px||false|false\u00a0\u00bb title_text_shadow_style=\u00a0\u00bbpreset2&Prime; locked=\u00a0\u00bboff\u00a0\u00bb global_colors_info=\u00a0\u00bb{}\u00a0\u00bb][\/et_pb_heading][et_pb_heading title=\u00a0\u00bbRestaurant chinois Sichuanais et Ta\u00efwanais \u00e0 emporter \u00e0 Montr\u00e9al\u00a0\u00bb _builder_version=\u00a0\u00bb4.27.4&Prime; _module_preset=\u00a0\u00bbdefault\u00a0\u00bb title_level=\u00a0\u00bbh2&Prime; title_font=\u00a0\u00bbRoboto||on||||||\u00a0\u00bb title_text_align=\u00a0\u00bbcenter\u00a0\u00bb title_text_color=\u00a0\u00bb#FFFFFF\u00a0\u00bb title_font_size=\u00a0\u00bb24px\u00a0\u00bb title_line_height=\u00a0\u00bb1.2em\u00a0\u00bb custom_margin=\u00a0\u00bb0px||||false|false\u00a0\u00bb custom_padding=\u00a0\u00bb0px||||false|false\u00a0\u00bb title_text_shadow_style=\u00a0\u00bbpreset5&Prime; locked=\u00a0\u00bboff\u00a0\u00bb global_colors_info=\u00a0\u00bb{}\u00a0\u00bb][\/et_pb_heading][\/et_pb_column][\/et_pb_row][et_pb_row column_structure=\u00a0\u00bb1_2,1_2&Prime; make_equal=\u00a0\u00bbon\u00a0\u00bb _builder_version=\u00a0\u00bb4.27.4&Prime; _module_preset=\u00a0\u00bbdefault\u00a0\u00bb max_width=\u00a0\u00bb700px\u00a0\u00bb custom_margin=\u00a0\u00bb||30px||false|true\u00a0\u00bb custom_padding=\u00a0\u00bb0px|0px|0px|0px|true|true\u00a0\u00bb global_colors_info=\u00a0\u00bb{}\u00a0\u00bb][et_pb_column type=\u00a0\u00bb1_2&Prime; module_class=\u00a0\u00bbbtnHover\u00a0\u00bb _builder_version=\u00a0\u00bb4.27.4&Prime; _module_preset=\u00a0\u00bbdefault\u00a0\u00bb background_color=\u00a0\u00bb#BC0C17&Prime; custom_padding=\u00a0\u00bb45px|45px|45px|45px|true|true\u00a0\u00bb link_option_url=\u00a0\u00bbhttps:\/\/order.foodteria.ca\/online-order\/68ae54977da33f7d93d8a574\/en\u00a0\u00bb border_radii=\u00a0\u00bbon|3px|3px|3px|3px\u00a0\u00bb global_colors_info=\u00a0\u00bb{}\u00a0\u00bb][et_pb_text _builder_version=\u00a0\u00bb4.27.4&Prime; _module_preset=\u00a0\u00bbdefault\u00a0\u00bb text_text_color=\u00a0\u00bb#F7E79C\u00a0\u00bb text_font_size=\u00a0\u00bb24px\u00a0\u00bb text_line_height=\u00a0\u00bb1.4em\u00a0\u00bb text_orientation=\u00a0\u00bbcenter\u00a0\u00bb hover_enabled=\u00a0\u00bb0&Prime; global_colors_info=\u00a0\u00bb{}\u00a0\u00bb sticky_enabled=\u00a0\u00bb0&Prime;]<\/p>\n<p>Cueillette<\/p>\n<p>[\/et_pb_text][\/et_pb_column][et_pb_column type=\u00a0\u00bb1_2&Prime; module_class=\u00a0\u00bbbtnHover\u00a0\u00bb disabled_on=\u00a0\u00bboff|off|off\u00a0\u00bb _builder_version=\u00a0\u00bb4.27.4&Prime; _module_preset=\u00a0\u00bbdefault\u00a0\u00bb background_color=\u00a0\u00bb#BC0C17&Prime; custom_padding=\u00a0\u00bb45px|45px|45px|45px|true|true\u00a0\u00bb link_option_url=\u00a0\u00bbhttps:\/\/restaurantgiaba.com\/fr\/menu\/\u00a0\u00bb border_radii=\u00a0\u00bbon|3px|3px|3px|3px\u00a0\u00bb global_colors_info=\u00a0\u00bb{}\u00a0\u00bb][et_pb_text _builder_version=\u00a0\u00bb4.27.4&Prime; _module_preset=\u00a0\u00bbdefault\u00a0\u00bb text_text_color=\u00a0\u00bb#F7E79C\u00a0\u00bb text_font_size=\u00a0\u00bb24px\u00a0\u00bb text_line_height=\u00a0\u00bb1.4em\u00a0\u00bb text_orientation=\u00a0\u00bbcenter\u00a0\u00bb hover_enabled=\u00a0\u00bb0&Prime; global_colors_info=\u00a0\u00bb{}\u00a0\u00bb sticky_enabled=\u00a0\u00bb0&Prime;]<\/p>\n<p>Livraison<\/p>\n<p>[\/et_pb_text][\/et_pb_column][\/et_pb_row][et_pb_row column_structure=\u00a0\u00bb1_2,1_2&Prime; make_equal=\u00a0\u00bbon\u00a0\u00bb _builder_version=\u00a0\u00bb4.27.4&Prime; _module_preset=\u00a0\u00bbdefault\u00a0\u00bb max_width=\u00a0\u00bb700px\u00a0\u00bb custom_margin=\u00a0\u00bb0px||0px||false|true\u00a0\u00bb custom_padding=\u00a0\u00bb0px|0px|0px|0px|true|true\u00a0\u00bb hover_enabled=\u00a0\u00bb0&Prime; global_colors_info=\u00a0\u00bb{}\u00a0\u00bb sticky_enabled=\u00a0\u00bb0&Prime;][et_pb_column type=\u00a0\u00bb1_2&Prime; _builder_version=\u00a0\u00bb4.27.4&Prime; _module_preset=\u00a0\u00bbdefault\u00a0\u00bb background_color=\u00a0\u00bb#FFFFFF\u00a0\u00bb custom_padding=\u00a0\u00bb30px|30px|30px|30px|true|true\u00a0\u00bb hover_enabled=\u00a0\u00bb0&Prime; border_radii=\u00a0\u00bbon|3px|3px|3px|3px\u00a0\u00bb global_colors_info=\u00a0\u00bb{}\u00a0\u00bb sticky_enabled=\u00a0\u00bb0&Prime;][et_pb_text _builder_version=\u00a0\u00bb4.27.4&Prime; _module_preset=\u00a0\u00bbdefault\u00a0\u00bb text_text_color=\u00a0\u00bb#333333&Prime; text_font_size=\u00a0\u00bb16px\u00a0\u00bb text_line_height=\u00a0\u00bb1.4em\u00a0\u00bb header_text_color=\u00a0\u00bb#333333&Prime; header_font_size=\u00a0\u00bb24px\u00a0\u00bb header_2_font_size=\u00a0\u00bb24px\u00a0\u00bb text_orientation=\u00a0\u00bbcenter\u00a0\u00bb global_colors_info=\u00a0\u00bb{}\u00a0\u00bb]<\/p>\n<h2>Heures d\u2019ouverture en personne<\/h2>\n<p>Mardi au samedi : 12h \u00e0 21h<br \/>Dimanche : 16h \u00e0 20h<br \/>Ferm\u00e9 le lundi<\/p>\n<p>[\/et_pb_text][\/et_pb_column][et_pb_column type=\u00a0\u00bb1_2&Prime; disabled_on=\u00a0\u00bboff|off|off\u00a0\u00bb _builder_version=\u00a0\u00bb4.27.4&Prime; _module_preset=\u00a0\u00bbdefault\u00a0\u00bb background_color=\u00a0\u00bb#FFFFFF\u00a0\u00bb custom_padding=\u00a0\u00bb30px|15px|30px|15px|true|true\u00a0\u00bb hover_enabled=\u00a0\u00bb0&Prime; border_radii=\u00a0\u00bbon|3px|3px|3px|3px\u00a0\u00bb global_colors_info=\u00a0\u00bb{}\u00a0\u00bb sticky_enabled=\u00a0\u00bb0&Prime;][et_pb_text _builder_version=\u00a0\u00bb4.27.4&Prime; _module_preset=\u00a0\u00bbdefault\u00a0\u00bb text_text_color=\u00a0\u00bb#333333&Prime; text_font_size=\u00a0\u00bb16px\u00a0\u00bb text_line_height=\u00a0\u00bb1.4em\u00a0\u00bb header_text_color=\u00a0\u00bb#333333&Prime; header_font_size=\u00a0\u00bb24px\u00a0\u00bb header_2_font_size=\u00a0\u00bb24px\u00a0\u00bb text_orientation=\u00a0\u00bbcenter\u00a0\u00bb global_colors_info=\u00a0\u00bb{}\u00a0\u00bb]<\/p>\n<h2>Heures de livraison<\/h2>\n<p>Mardi au samedi : 16h30 \u00e0 20h30<br \/>Dimanche : 16h30 \u00e0 19h30<br \/>Ferm\u00e9 le lundi<\/p>\n<p>[\/et_pb_text][\/et_pb_column][\/et_pb_row][et_pb_row disabled_on=\u00a0\u00bbon|on|on\u00a0\u00bb _builder_version=\u00a0\u00bb4.27.4&Prime; _module_preset=\u00a0\u00bbdefault\u00a0\u00bb max_width=\u00a0\u00bb700px\u00a0\u00bb custom_margin=\u00a0\u00bb30px||0px||false|true\u00a0\u00bb custom_padding=\u00a0\u00bb0px|0px|0px|0px|true|true\u00a0\u00bb disabled=\u00a0\u00bbon\u00a0\u00bb global_colors_info=\u00a0\u00bb{}\u00a0\u00bb][et_pb_column type=\u00a0\u00bb4_4&Prime; _builder_version=\u00a0\u00bb4.27.4&Prime; _module_preset=\u00a0\u00bbdefault\u00a0\u00bb background_color=\u00a0\u00bb#FFFFFF\u00a0\u00bb custom_padding=\u00a0\u00bb45px|45px|45px|45px|true|true\u00a0\u00bb border_radii=\u00a0\u00bbon|3px|3px|3px|3px\u00a0\u00bb global_colors_info=\u00a0\u00bb{}\u00a0\u00bb][et_pb_text _builder_version=\u00a0\u00bb4.27.4&Prime; _module_preset=\u00a0\u00bbdefault\u00a0\u00bb text_font_size=\u00a0\u00bb26px\u00a0\u00bb text_line_height=\u00a0\u00bb1.4em\u00a0\u00bb link_text_color=\u00a0\u00bb#BC0C17&Prime; text_orientation=\u00a0\u00bbcenter\u00a0\u00bb global_colors_info=\u00a0\u00bb{}\u00a0\u00bb]<\/p>\n<p>Commande pour livraison au-del\u00e0 de 5 km via <a href=\"https:\/\/www.ubereats.com\/ca\/store\/gia-ba\/8te-dexTReqzPRHUZYszwQ\">UberEats<\/a><\/p>\n<p>[\/et_pb_text][\/et_pb_column][\/et_pb_row][et_pb_row _builder_version=\u00a0\u00bb4.27.4&Prime; _module_preset=\u00a0\u00bbdefault\u00a0\u00bb custom_margin=\u00a0\u00bb0px||120px||false|false\u00a0\u00bb locked=\u00a0\u00bboff\u00a0\u00bb global_colors_info=\u00a0\u00bb{}\u00a0\u00bb][et_pb_column type=\u00a0\u00bb4_4&Prime; _builder_version=\u00a0\u00bb4.27.4&Prime; _module_preset=\u00a0\u00bbdefault\u00a0\u00bb global_colors_info=\u00a0\u00bb{}\u00a0\u00bb][et_pb_text _builder_version=\u00a0\u00bb4.27.4&Prime; _module_preset=\u00a0\u00bbdefault\u00a0\u00bb text_text_color=\u00a0\u00bb#FFFFFF\u00a0\u00bb text_font_size=\u00a0\u00bb26px\u00a0\u00bb text_line_height=\u00a0\u00bb1.4em\u00a0\u00bb link_text_color=\u00a0\u00bb#BC0C17&Prime; text_orientation=\u00a0\u00bbcenter\u00a0\u00bb background_layout=\u00a0\u00bbdark\u00a0\u00bb global_colors_info=\u00a0\u00bb{}\u00a0\u00bb]<\/p>\n<p><a href=\"tel:5144825560\" class=\"tel\"><span style=\"color: #ffffff;\">(514) 482-5560<\/span><\/a><\/p>\n<p>6538A, avenue Somerled, Montr\u00e9al (Qu\u00e9bec) H4V 1S8<\/p>\n<p><a href=\"https:\/\/restaurantgiaba.com\/wp-content\/uploads\/2025\/09\/25.09-GiaBa_menu.pdf\"><span style=\"color: #ffffff;\">T\u00e9l\u00e9chargez notre menu (PDF)<\/span><\/a><\/p>\n<p>[\/et_pb_text][\/et_pb_column][\/et_pb_row][et_pb_row disabled_on=\u00a0\u00bboff|off|off\u00a0\u00bb _builder_version=\u00a0\u00bb4.27.4&Prime; _module_preset=\u00a0\u00bbdefault\u00a0\u00bb positioning=\u00a0\u00bbabsolute\u00a0\u00bb position_origin_a=\u00a0\u00bbbottom_center\u00a0\u00bb position_origin_f=\u00a0\u00bbbottom_center\u00a0\u00bb width=\u00a0\u00bb100%\u00a0\u00bb max_width=\u00a0\u00bb2560px\u00a0\u00bb custom_margin=\u00a0\u00bb||||false|true\u00a0\u00bb custom_padding=\u00a0\u00bb0px|0px|0px|0px|true|true\u00a0\u00bb global_colors_info=\u00a0\u00bb{}\u00a0\u00bb][et_pb_column type=\u00a0\u00bb4_4&Prime; _builder_version=\u00a0\u00bb4.27.4&Prime; _module_preset=\u00a0\u00bbdefault\u00a0\u00bb background_color=\u00a0\u00bb#FFFFFF\u00a0\u00bb custom_padding=\u00a0\u00bb15px|45px|15px|45px|true|true\u00a0\u00bb border_radii=\u00a0\u00bbon|3px|3px|3px|3px\u00a0\u00bb global_colors_info=\u00a0\u00bb{}\u00a0\u00bb][et_pb_image src=\u00a0\u00bbhttps:\/\/restaurantgiaba.com\/wp-content\/uploads\/2025\/09\/hi-res-map-3-4-5km-somerled-cropped-min-km-150&#215;150.jpg\u00a0\u00bb alt=\u00a0\u00bbNous livrons jusqu&rsquo;\u00e0 5 km du restaurant. Pour les livraisons en dehors de cette zone, veuillez utiliser UberEats.\u00a0\u00bb title_text=\u00a0\u00bbcarte haute r\u00e9solution 3-4-5 km Somerled recadr\u00e9e min km\u00a0\u00bb url=\u00a0\u00bbhttps:\/\/restaurantgiaba.com\/wp-content\/uploads\/2025\/09\/hi-res-map-3-4-5km-somerled-cropped-min-km-scaled.jpg\u00a0\u00bb align=\u00a0\u00bbcenter\u00a0\u00bb _builder_version=\u00a0\u00bb4.27.4&Prime; _module_preset=\u00a0\u00bbdefault\u00a0\u00bb width=\u00a0\u00bb100px\u00a0\u00bb custom_margin=\u00a0\u00bb||0px||false|false\u00a0\u00bb custom_padding=\u00a0\u00bb||0px||false|false\u00a0\u00bb animation_style=\u00a0\u00bbfade\u00a0\u00bb global_colors_info=\u00a0\u00bb{}\u00a0\u00bb][\/et_pb_image][et_pb_text _builder_version=\u00a0\u00bb4.27.4&Prime; _module_preset=\u00a0\u00bbdefault\u00a0\u00bb text_text_color=\u00a0\u00bb#666666&Prime; text_orientation=\u00a0\u00bbcenter\u00a0\u00bb global_colors_info=\u00a0\u00bb{}\u00a0\u00bb]<\/p>\n<p>v\u00e9rifier le rayon de livraison de 5 km<\/p>\n<p>[\/et_pb_text][\/et_pb_column][\/et_pb_row][\/et_pb_section]<\/p>\n","protected":false},"excerpt":{"rendered":"<p>D\u00e9couvrez une d\u00e9licieuse fusion entre les cuisines chinoise du Sichuan et ta\u00efwanaise. COMMANDEZ EN LIGNE pour un retrait en magasin ou une livraison dans un rayon de 5 km.<\/p>\n","protected":false},"author":2,"featured_media":7626,"parent":0,"menu_order":0,"comment_status":"closed","ping_status":"closed","template":"page-template-blank.php","meta":{"_et_pb_use_builder":"on","_et_pb_old_content":"","_et_gb_content_width":"","footnotes":""},"class_list":["post-7625","page","type-page","status-publish","has-post-thumbnail","hentry"],"yoast_head":"<!-- This site is optimized with the Yoast SEO plugin v27.3 - https:\/\/yoast.com\/product\/yoast-seo-wordpress\/ -->\n<title>Accueil - Restaurant Gia Ba<\/title>\n<meta name=\"robots\" content=\"index, follow, max-snippet:-1, max-image-preview:large, max-video-preview:-1\" \/>\n<link rel=\"canonical\" href=\"https:\/\/restaurantgiaba.com\/fr\/\" \/>\n<meta property=\"og:locale\" content=\"fr_FR\" \/>\n<meta property=\"og:type\" content=\"article\" \/>\n<meta property=\"og:title\" content=\"Accueil - Restaurant Gia Ba\" \/>\n<meta property=\"og:description\" content=\"D\u00e9couvrez une d\u00e9licieuse fusion entre les cuisines chinoise du Sichuan et ta\u00efwanaise. COMMANDEZ EN LIGNE pour un retrait en magasin ou une livraison dans un rayon de 5 km.\" \/>\n<meta property=\"og:url\" content=\"https:\/\/restaurantgiaba.com\/fr\/\" \/>\n<meta property=\"og:site_name\" content=\"Restaurant Gia Ba\" \/>\n<meta property=\"article:publisher\" content=\"https:\/\/www.facebook.com\/people\/Restaurant-Gia-BaE591B7E99CB8\/100057685620318\/\" \/>\n<meta property=\"article:modified_time\" content=\"2025-10-28T13:32:40+00:00\" \/>\n<meta property=\"og:image\" content=\"https:\/\/restaurantgiaba.com\/wp-content\/uploads\/2025\/09\/table-sm.jpg\" \/>\n\t<meta property=\"og:image:width\" content=\"1400\" \/>\n\t<meta property=\"og:image:height\" content=\"900\" \/>\n\t<meta property=\"og:image:type\" content=\"image\/jpeg\" \/>\n<meta name=\"twitter:card\" content=\"summary_large_image\" \/>\n<meta name=\"twitter:label1\" content=\"Dur\u00e9e de lecture estim\u00e9e\" \/>\n\t<meta name=\"twitter:data1\" content=\"5 minutes\" \/>\n<script type=\"application\/ld+json\" class=\"yoast-schema-graph\">{\"@context\":\"https:\\\/\\\/schema.org\",\"@graph\":[{\"@type\":\"WebPage\",\"@id\":\"https:\\\/\\\/restaurantgiaba.com\\\/fr\\\/\",\"url\":\"https:\\\/\\\/restaurantgiaba.com\\\/fr\\\/\",\"name\":\"Accueil - Restaurant Gia Ba\",\"isPartOf\":{\"@id\":\"https:\\\/\\\/restaurantgiaba.com\\\/fr\\\/#website\"},\"primaryImageOfPage\":{\"@id\":\"https:\\\/\\\/restaurantgiaba.com\\\/fr\\\/#primaryimage\"},\"image\":{\"@id\":\"https:\\\/\\\/restaurantgiaba.com\\\/fr\\\/#primaryimage\"},\"thumbnailUrl\":\"https:\\\/\\\/i0.wp.com\\\/restaurantgiaba.com\\\/wp-content\\\/uploads\\\/2025\\\/09\\\/table-sm.jpg?fit=1400%2C900&ssl=1\",\"datePublished\":\"2025-09-23T22:29:20+00:00\",\"dateModified\":\"2025-10-28T13:32:40+00:00\",\"breadcrumb\":{\"@id\":\"https:\\\/\\\/restaurantgiaba.com\\\/fr\\\/#breadcrumb\"},\"inLanguage\":\"fr-FR\",\"potentialAction\":[{\"@type\":\"ReadAction\",\"target\":[\"https:\\\/\\\/restaurantgiaba.com\\\/fr\\\/\"]}]},{\"@type\":\"ImageObject\",\"inLanguage\":\"fr-FR\",\"@id\":\"https:\\\/\\\/restaurantgiaba.com\\\/fr\\\/#primaryimage\",\"url\":\"https:\\\/\\\/i0.wp.com\\\/restaurantgiaba.com\\\/wp-content\\\/uploads\\\/2025\\\/09\\\/table-sm.jpg?fit=1400%2C900&ssl=1\",\"contentUrl\":\"https:\\\/\\\/i0.wp.com\\\/restaurantgiaba.com\\\/wp-content\\\/uploads\\\/2025\\\/09\\\/table-sm.jpg?fit=1400%2C900&ssl=1\",\"width\":1400,\"height\":900,\"caption\":\"D\u00e9couvrez une d\u00e9licieuse fusion entre les cuisines chinoise du Sichuan et ta\u00efwanaise. COMMANDEZ EN LIGNE pour un retrait en magasin ou une livraison dans un rayon de 5 km.\"},{\"@type\":\"BreadcrumbList\",\"@id\":\"https:\\\/\\\/restaurantgiaba.com\\\/fr\\\/#breadcrumb\",\"itemListElement\":[{\"@type\":\"ListItem\",\"position\":1,\"name\":\"Home\",\"item\":\"https:\\\/\\\/restaurantgiaba.com\\\/fr\\\/\"},{\"@type\":\"ListItem\",\"position\":2,\"name\":\"Accueil\"}]},{\"@type\":\"WebSite\",\"@id\":\"https:\\\/\\\/restaurantgiaba.com\\\/fr\\\/#website\",\"url\":\"https:\\\/\\\/restaurantgiaba.com\\\/fr\\\/\",\"name\":\"Restaurant Gia Ba\",\"description\":\"Chinese Szechuan and Taiwanese takeout restaurant in Montreal\",\"publisher\":{\"@id\":\"https:\\\/\\\/restaurantgiaba.com\\\/fr\\\/#organization\"},\"potentialAction\":[{\"@type\":\"SearchAction\",\"target\":{\"@type\":\"EntryPoint\",\"urlTemplate\":\"https:\\\/\\\/restaurantgiaba.com\\\/fr\\\/?s={search_term_string}\"},\"query-input\":{\"@type\":\"PropertyValueSpecification\",\"valueRequired\":true,\"valueName\":\"search_term_string\"}}],\"inLanguage\":\"fr-FR\"},{\"@type\":\"Organization\",\"@id\":\"https:\\\/\\\/restaurantgiaba.com\\\/fr\\\/#organization\",\"name\":\"Restaurant Gia Ba\",\"url\":\"https:\\\/\\\/restaurantgiaba.com\\\/fr\\\/\",\"logo\":{\"@type\":\"ImageObject\",\"inLanguage\":\"fr-FR\",\"@id\":\"https:\\\/\\\/restaurantgiaba.com\\\/fr\\\/#\\\/schema\\\/logo\\\/image\\\/\",\"url\":\"https:\\\/\\\/restaurantgiaba.com\\\/wp-content\\\/uploads\\\/2025\\\/09\\\/cropped-giaba-logo-trans.png\",\"contentUrl\":\"https:\\\/\\\/restaurantgiaba.com\\\/wp-content\\\/uploads\\\/2025\\\/09\\\/cropped-giaba-logo-trans.png\",\"width\":512,\"height\":512,\"caption\":\"Restaurant Gia Ba\"},\"image\":{\"@id\":\"https:\\\/\\\/restaurantgiaba.com\\\/fr\\\/#\\\/schema\\\/logo\\\/image\\\/\"},\"sameAs\":[\"https:\\\/\\\/www.facebook.com\\\/people\\\/Restaurant-Gia-BaE591B7E99CB8\\\/100057685620318\\\/\",\"https:\\\/\\\/www.instagram.com\\\/explore\\\/locations\\\/297121568\\\/\"]}]}<\/script>\n<!-- \/ Yoast SEO plugin. -->","yoast_head_json":{"title":"Accueil - Restaurant Gia Ba","robots":{"index":"index","follow":"follow","max-snippet":"max-snippet:-1","max-image-preview":"max-image-preview:large","max-video-preview":"max-video-preview:-1"},"canonical":"https:\/\/restaurantgiaba.com\/fr\/","og_locale":"fr_FR","og_type":"article","og_title":"Accueil - Restaurant Gia Ba","og_description":"D\u00e9couvrez une d\u00e9licieuse fusion entre les cuisines chinoise du Sichuan et ta\u00efwanaise. COMMANDEZ EN LIGNE pour un retrait en magasin ou une livraison dans un rayon de 5 km.","og_url":"https:\/\/restaurantgiaba.com\/fr\/","og_site_name":"Restaurant Gia Ba","article_publisher":"https:\/\/www.facebook.com\/people\/Restaurant-Gia-BaE591B7E99CB8\/100057685620318\/","article_modified_time":"2025-10-28T13:32:40+00:00","og_image":[{"width":1400,"height":900,"url":"https:\/\/restaurantgiaba.com\/wp-content\/uploads\/2025\/09\/table-sm.jpg","type":"image\/jpeg"}],"twitter_card":"summary_large_image","twitter_misc":{"Dur\u00e9e de lecture estim\u00e9e":"5 minutes"},"schema":{"@context":"https:\/\/schema.org","@graph":[{"@type":"WebPage","@id":"https:\/\/restaurantgiaba.com\/fr\/","url":"https:\/\/restaurantgiaba.com\/fr\/","name":"Accueil - Restaurant Gia Ba","isPartOf":{"@id":"https:\/\/restaurantgiaba.com\/fr\/#website"},"primaryImageOfPage":{"@id":"https:\/\/restaurantgiaba.com\/fr\/#primaryimage"},"image":{"@id":"https:\/\/restaurantgiaba.com\/fr\/#primaryimage"},"thumbnailUrl":"https:\/\/i0.wp.com\/restaurantgiaba.com\/wp-content\/uploads\/2025\/09\/table-sm.jpg?fit=1400%2C900&ssl=1","datePublished":"2025-09-23T22:29:20+00:00","dateModified":"2025-10-28T13:32:40+00:00","breadcrumb":{"@id":"https:\/\/restaurantgiaba.com\/fr\/#breadcrumb"},"inLanguage":"fr-FR","potentialAction":[{"@type":"ReadAction","target":["https:\/\/restaurantgiaba.com\/fr\/"]}]},{"@type":"ImageObject","inLanguage":"fr-FR","@id":"https:\/\/restaurantgiaba.com\/fr\/#primaryimage","url":"https:\/\/i0.wp.com\/restaurantgiaba.com\/wp-content\/uploads\/2025\/09\/table-sm.jpg?fit=1400%2C900&ssl=1","contentUrl":"https:\/\/i0.wp.com\/restaurantgiaba.com\/wp-content\/uploads\/2025\/09\/table-sm.jpg?fit=1400%2C900&ssl=1","width":1400,"height":900,"caption":"D\u00e9couvrez une d\u00e9licieuse fusion entre les cuisines chinoise du Sichuan et ta\u00efwanaise. COMMANDEZ EN LIGNE pour un retrait en magasin ou une livraison dans un rayon de 5 km."},{"@type":"BreadcrumbList","@id":"https:\/\/restaurantgiaba.com\/fr\/#breadcrumb","itemListElement":[{"@type":"ListItem","position":1,"name":"Home","item":"https:\/\/restaurantgiaba.com\/fr\/"},{"@type":"ListItem","position":2,"name":"Accueil"}]},{"@type":"WebSite","@id":"https:\/\/restaurantgiaba.com\/fr\/#website","url":"https:\/\/restaurantgiaba.com\/fr\/","name":"Restaurant Gia Ba","description":"Chinese Szechuan and Taiwanese takeout restaurant in Montreal","publisher":{"@id":"https:\/\/restaurantgiaba.com\/fr\/#organization"},"potentialAction":[{"@type":"SearchAction","target":{"@type":"EntryPoint","urlTemplate":"https:\/\/restaurantgiaba.com\/fr\/?s={search_term_string}"},"query-input":{"@type":"PropertyValueSpecification","valueRequired":true,"valueName":"search_term_string"}}],"inLanguage":"fr-FR"},{"@type":"Organization","@id":"https:\/\/restaurantgiaba.com\/fr\/#organization","name":"Restaurant Gia Ba","url":"https:\/\/restaurantgiaba.com\/fr\/","logo":{"@type":"ImageObject","inLanguage":"fr-FR","@id":"https:\/\/restaurantgiaba.com\/fr\/#\/schema\/logo\/image\/","url":"https:\/\/restaurantgiaba.com\/wp-content\/uploads\/2025\/09\/cropped-giaba-logo-trans.png","contentUrl":"https:\/\/restaurantgiaba.com\/wp-content\/uploads\/2025\/09\/cropped-giaba-logo-trans.png","width":512,"height":512,"caption":"Restaurant Gia Ba"},"image":{"@id":"https:\/\/restaurantgiaba.com\/fr\/#\/schema\/logo\/image\/"},"sameAs":["https:\/\/www.facebook.com\/people\/Restaurant-Gia-BaE591B7E99CB8\/100057685620318\/","https:\/\/www.instagram.com\/explore\/locations\/297121568\/"]}]}},"jetpack_sharing_enabled":true,"_links":{"self":[{"href":"https:\/\/restaurantgiaba.com\/fr\/wp-json\/wp\/v2\/pages\/7625","targetHints":{"allow":["GET"]}}],"collection":[{"href":"https:\/\/restaurantgiaba.com\/fr\/wp-json\/wp\/v2\/pages"}],"about":[{"href":"https:\/\/restaurantgiaba.com\/fr\/wp-json\/wp\/v2\/types\/page"}],"author":[{"embeddable":true,"href":"https:\/\/restaurantgiaba.com\/fr\/wp-json\/wp\/v2\/users\/2"}],"replies":[{"embeddable":true,"href":"https:\/\/restaurantgiaba.com\/fr\/wp-json\/wp\/v2\/comments?post=7625"}],"version-history":[{"count":25,"href":"https:\/\/restaurantgiaba.com\/fr\/wp-json\/wp\/v2\/pages\/7625\/revisions"}],"predecessor-version":[{"id":7792,"href":"https:\/\/restaurantgiaba.com\/fr\/wp-json\/wp\/v2\/pages\/7625\/revisions\/7792"}],"wp:featuredmedia":[{"embeddable":true,"href":"https:\/\/restaurantgiaba.com\/fr\/wp-json\/wp\/v2\/media\/7626"}],"wp:attachment":[{"href":"https:\/\/restaurantgiaba.com\/fr\/wp-json\/wp\/v2\/media?parent=7625"}],"curies":[{"name":"wp","href":"https:\/\/api.w.org\/{rel}","templated":true}]}}